{"id":1882,"date":"2026-02-01T18:28:05","date_gmt":"2026-02-01T18:28:05","guid":{"rendered":"https:\/\/www.andaakademi.com\/?page_id=1882"},"modified":"2026-02-01T18:34:01","modified_gmt":"2026-02-01T18:34:01","slug":"osho-elmas-nefes-egitimi-modulu","status":"publish","type":"page","link":"https:\/\/www.andaakademi.com\/en\/osho-elmas-nefes-egitimi-modulu\/","title":{"rendered":"Osho Elmas Nefes E\u011fitimi"},"content":{"rendered":"<p><strong>Osho Elmas Nefes E\u011fitimi Mod\u00fcl\u00fc:<br>G\u00fc\u00e7l\u00fc Nefes Alma, Beden-Zihin Terapisi ve Dinamik Stres Giderme.<br><br>G\u00fc\u00e7l\u00fc Nefes Alma<\/strong>&nbsp;, insan nefesinin \u015fifa, y\u00fcce varolu\u015f ve ruhsal uyan\u0131\u015f i\u00e7in i\u015fleyi\u015fine dair derin bir deneyim sunar. B\u00fcy\u00fck bir stres giderimi, duygusal fark\u0131ndal\u0131k ve i\u00e7sel d\u00f6n\u00fc\u015f\u00fcm i\u00e7in g\u00fczel bir terap\u00f6tik y\u00f6ntem \u00f6\u011frenirsiniz.Bu muhte\u015fem nefes tekni\u011fi, bilin\u00e7alt\u0131n\u0131z\u0131n derinliklerine inmenizi ve en \u00e7\u00f6z\u00fclmemi\u015f \u00e7at\u0131\u015fmalar\u0131n\u0131z\u0131 gidermenizi sa\u011flar. G\u00fcnl\u00fck ya\u015fam\u0131n\u0131zda sa\u011fl\u0131kl\u0131, ne\u015feli, yarat\u0131c\u0131 ve meditatif olman\u0131za olanak tan\u0131r. Olumsuz nefes alma ve kronik korku kal\u0131plar\u0131n\u0131 \u00e7\u00f6zer ve biyo-enerjinizin ak\u0131\u015f\u0131n\u0131 hissetmenin zevkine kap\u0131 a\u00e7ar.<\/p>\n\n\n\n<p><strong>Beden-Duygu Terapisi<\/strong>\u00a0ve\u00a0<strong>Dinamik Stres Gev\u015fetme y\u00f6ntemlerinin<\/strong>\u00a0yard\u0131m\u0131yla\u00a0, bedeninizi gev\u015fetmeyi ve canland\u0131rmay\u0131, zihinsel gerilimleri gidermeyi, duygular\u0131n\u0131z\u0131 dengelemeyi, kalbinizi ve ruhsal varl\u0131\u011f\u0131n\u0131z\u0131 a\u00e7may\u0131 \u00f6\u011frenirsiniz. Aktif Meditasyonlar, beden-psikoterapinin temel unsurlar\u0131, topraklama teknikleri, kabile dans\u0131, terap\u00f6tik dokunu\u015f sanat\u0131 ve regresyon, bu derin i\u00e7sel iyile\u015fme s\u00fcrecini destekler.Nefesin g\u00fcc\u00fcyle \u00e7al\u0131\u015fman\u0131n anahtar\u0131, nefes merkezlerini anlamakt\u0131r.\u00a0<\/p>\n\n\n\n<p><strong>Nefes fark\u0131ndal\u0131\u011f\u0131yla<\/strong>&nbsp;\u00e7al\u0131\u015fmak , bu merkezlerin i\u015fleyi\u015fine ve i\u00e7sel varolu\u015fun co\u015fkulu bir haline yeniden ba\u011flanma \u00fczerindeki etkilerine dair bir i\u00e7g\u00f6r\u00fc sa\u011flar.<\/p>\n\n\n\n<figure class=\"wp-block-image size-full\"><img loading=\"lazy\" decoding=\"async\" width=\"1000\" height=\"1000\" src=\"https:\/\/www.andaakademi.com\/wp-content\/uploads\/2019\/01\/FOTOV\u0130DEO-712.jpg\" alt=\"\" class=\"wp-image-1826\" srcset=\"https:\/\/www.andaakademi.com\/wp-content\/uploads\/2019\/01\/FOTOV\u0130DEO-712.jpg 1000w, https:\/\/www.andaakademi.com\/wp-content\/uploads\/2019\/01\/FOTOV\u0130DEO-712-150x150.jpg 150w, https:\/\/www.andaakademi.com\/wp-content\/uploads\/2019\/01\/FOTOV\u0130DEO-712-300x300.jpg 300w, https:\/\/www.andaakademi.com\/wp-content\/uploads\/2019\/01\/FOTOV\u0130DEO-712-768x768.jpg 768w, https:\/\/www.andaakademi.com\/wp-content\/uploads\/2019\/01\/FOTOV\u0130DEO-712-187x187.jpg 187w\" sizes=\"auto, (max-width: 1000px) 100vw, 1000px\" \/><\/figure>","protected":false},"excerpt":{"rendered":"<p>Osho Elmas Nefes E\u011fitimi Mod\u00fcl\u00fc:G\u00fc\u00e7l\u00fc Nefes Alma, Beden-Zihin Terapisi ve Dinamik Stres Giderme. G\u00fc\u00e7l\u00fc Nefes Alma&nbsp;, insan nefesinin \u015fifa, y\u00fcce varolu\u015f ve ruhsal uyan\u0131\u015f i\u00e7in i\u015fleyi\u015fine dair derin bir deneyim sunar. B\u00fcy\u00fck bir stres giderimi, duygusal fark\u0131ndal\u0131k ve i\u00e7sel d\u00f6n\u00fc\u015f\u00fcm i\u00e7in g\u00fczel bir terap\u00f6tik y\u00f6ntem \u00f6\u011frenirsiniz.Bu muhte\u015fem nefes tekni\u011fi, bilin\u00e7alt\u0131n\u0131z\u0131n [&hellip;]<\/p>","protected":false},"author":3,"featured_media":1883,"parent":0,"menu_order":0,"comment_status":"closed","ping_status":"closed","template":"","meta":{"_themeisle_gutenberg_block_has_review":false,"footnotes":""},"class_list":["post-1882","page","type-page","status-publish","has-post-thumbnail","hentry"],"_links":{"self":[{"href":"https:\/\/www.andaakademi.com\/en\/wp-json\/wp\/v2\/pages\/1882","targetHints":{"allow":["GET"]}}],"collection":[{"href":"https:\/\/www.andaakademi.com\/en\/wp-json\/wp\/v2\/pages"}],"about":[{"href":"https:\/\/www.andaakademi.com\/en\/wp-json\/wp\/v2\/types\/page"}],"author":[{"embeddable":true,"href":"https:\/\/www.andaakademi.com\/en\/wp-json\/wp\/v2\/users\/3"}],"replies":[{"embeddable":true,"href":"https:\/\/www.andaakademi.com\/en\/wp-json\/wp\/v2\/comments?post=1882"}],"version-history":[{"count":4,"href":"https:\/\/www.andaakademi.com\/en\/wp-json\/wp\/v2\/pages\/1882\/revisions"}],"predecessor-version":[{"id":1892,"href":"https:\/\/www.andaakademi.com\/en\/wp-json\/wp\/v2\/pages\/1882\/revisions\/1892"}],"wp:featuredmedia":[{"embeddable":true,"href":"https:\/\/www.andaakademi.com\/en\/wp-json\/wp\/v2\/media\/1883"}],"wp:attachment":[{"href":"https:\/\/www.andaakademi.com\/en\/wp-json\/wp\/v2\/media?parent=1882"}],"curies":[{"name":"wp","href":"https:\/\/api.w.org\/{rel}","templated":true}]}}